{"id":167,"date":"2022-08-03T08:23:22","date_gmt":"2022-08-03T08:23:22","guid":{"rendered":"http:\/\/localhost:8080\/job\/?page_id=167"},"modified":"2023-03-01T00:19:41","modified_gmt":"2023-02-28T21:19:41","slug":"post-jobs","status":"publish","type":"page","link":"http:\/\/elazigtsokariyer.com\/etso\/post-jobs\/","title":{"rendered":"\u0130\u015f \u0130lan\u0131 Yay\u0131nla"},"content":{"rendered":"\n                <p class=\"notice\"><i class=\"fal fa-exclamation-circle\"><\/i>G\u00f6r\u00fcnt\u00fclemek i\u00e7in l\u00fctfen \u0130\u015fveren giri\u015fi yap\u0131n\n                <\/p>\n            \n","protected":false},"excerpt":{"rendered":"","protected":false},"author":1,"featured_media":0,"parent":0,"menu_order":0,"comment_status":"closed","ping_status":"closed","template":"","meta":{"footnotes":""},"class_list":["post-167","page","type-page","status-publish","hentry"],"_links":{"self":[{"href":"http:\/\/elazigtsokariyer.com\/etso\/wp-json\/wp\/v2\/pages\/167","targetHints":{"allow":["GET"]}}],"collection":[{"href":"http:\/\/elazigtsokariyer.com\/etso\/wp-json\/wp\/v2\/pages"}],"about":[{"href":"http:\/\/elazigtsokariyer.com\/etso\/wp-json\/wp\/v2\/types\/page"}],"author":[{"embeddable":true,"href":"http:\/\/elazigtsokariyer.com\/etso\/wp-json\/wp\/v2\/users\/1"}],"replies":[{"embeddable":true,"href":"http:\/\/elazigtsokariyer.com\/etso\/wp-json\/wp\/v2\/comments?post=167"}],"version-history":[{"count":1,"href":"http:\/\/elazigtsokariyer.com\/etso\/wp-json\/wp\/v2\/pages\/167\/revisions"}],"predecessor-version":[{"id":7542,"href":"http:\/\/elazigtsokariyer.com\/etso\/wp-json\/wp\/v2\/pages\/167\/revisions\/7542"}],"wp:attachment":[{"href":"http:\/\/elazigtsokariyer.com\/etso\/wp-json\/wp\/v2\/media?parent=167"}],"curies":[{"name":"wp","href":"https:\/\/api.w.org\/{rel}","templated":true}]}}