{"id":1470,"date":"2022-09-15T08:59:28","date_gmt":"2022-09-15T05:59:28","guid":{"rendered":"http:\/\/localhost:8080\/job\/?page_id=1470"},"modified":"2023-02-28T23:20:56","modified_gmt":"2023-02-28T20:20:56","slug":"profilim","status":"publish","type":"page","link":"http:\/\/elazigtsokariyer.com\/etso\/kontrol-paneli\/aday-kontrol-paneli\/profilim\/","title":{"rendered":"Profilim"},"content":{"rendered":"\n                <p class=\"notice\"><i class=\"fal fa-exclamation-circle\"><\/i>G\u00f6r\u00fcnt\u00fclemek i\u00e7in l\u00fctfen Aday giri\u015fi yap\u0131n\n                <\/p>\n            \n","protected":false},"excerpt":{"rendered":"","protected":false},"author":1,"featured_media":0,"parent":3040,"menu_order":0,"comment_status":"closed","ping_status":"closed","template":"","meta":{"footnotes":""},"class_list":["post-1470","page","type-page","status-publish","hentry"],"_links":{"self":[{"href":"http:\/\/elazigtsokariyer.com\/etso\/wp-json\/wp\/v2\/pages\/1470","targetHints":{"allow":["GET"]}}],"collection":[{"href":"http:\/\/elazigtsokariyer.com\/etso\/wp-json\/wp\/v2\/pages"}],"about":[{"href":"http:\/\/elazigtsokariyer.com\/etso\/wp-json\/wp\/v2\/types\/page"}],"author":[{"embeddable":true,"href":"http:\/\/elazigtsokariyer.com\/etso\/wp-json\/wp\/v2\/users\/1"}],"replies":[{"embeddable":true,"href":"http:\/\/elazigtsokariyer.com\/etso\/wp-json\/wp\/v2\/comments?post=1470"}],"version-history":[{"count":1,"href":"http:\/\/elazigtsokariyer.com\/etso\/wp-json\/wp\/v2\/pages\/1470\/revisions"}],"predecessor-version":[{"id":7469,"href":"http:\/\/elazigtsokariyer.com\/etso\/wp-json\/wp\/v2\/pages\/1470\/revisions\/7469"}],"up":[{"embeddable":true,"href":"http:\/\/elazigtsokariyer.com\/etso\/wp-json\/wp\/v2\/pages\/3040"}],"wp:attachment":[{"href":"http:\/\/elazigtsokariyer.com\/etso\/wp-json\/wp\/v2\/media?parent=1470"}],"curies":[{"name":"wp","href":"https:\/\/api.w.org\/{rel}","templated":true}]}}